{"id":727,"date":"2018-02-19T10:15:38","date_gmt":"2018-02-19T10:15:38","guid":{"rendered":"http:\/\/pigipada.ee\/ettevottest\/"},"modified":"2024-12-05T12:30:56","modified_gmt":"2024-12-05T12:30:56","slug":"yrityksesta","status":"publish","type":"page","link":"https:\/\/www.pigipada.ee\/fi\/yrityksesta\/","title":{"rendered":"Yrityksest\u00e4"},"content":{"rendered":"<div class=\"wpb-content-wrapper\"><section class=\"l-section wpb_row height_medium color_custom with_img footer-stripes singlepage-header\" style=\" color: #ffffff;\"><div class=\"l-section-img\" style=\"background-image: url(https:\/\/pigipada.ee\/wp-content\/uploads\/2018\/04\/IMG_4877-1-e1523013444791.jpg);background-repeat: no-repeat;\" data-img-width=\"2798\" data-img-height=\"1085\"><\/div><div class=\"l-section-h i-cf\"><div class=\"g-cols vc_row type_default valign_middle\"><div class=\"vc_col-sm-12 wpb_column vc_column_container animate_fade\"><div class=\"vc_column-inner\"><div class=\"wpb_wrapper\">\n\t<div class=\"wpb_text_column \">\n\t\t<div class=\"wpb_wrapper\">\n\t\t\t<h1 style=\"text-align: center;\">Yrityksest\u00e4<\/h1>\n\n\t\t<\/div>\n\t<\/div>\n<\/div><\/div><\/div><\/div><\/div><\/section><section class=\"l-section wpb_row height_medium color_custom about-content\" style=\"background-color: #eeeeee;\"><div class=\"l-section-h i-cf\"><div class=\"g-cols vc_row type_default valign_top\"><div class=\"vc_col-sm-4 wpb_column vc_column_container left-nav\"><div class=\"vc_column-inner\"><div class=\"wpb_wrapper\">[vc_raw_html]JTNDYSUyMGhyZWYlM0QlMjIlMjNmaXJtYXN0JTIyJTIwcmVsJTNEJTI3bWVpc3QlMjclM0VZcml0eWtzZXN0JUMzJUE0JTNDJTJGYSUzRSUwQSUzQ2ElMjBocmVmJTNEJTIyJTIzdHVubnVzdHVzZWQlMjIlMjByZWwlM0QlMjdtZWlzdCUyNyUzRVR1b3Rlc2VydGlmaWthYXRpdCUzQyUyRmElM0U=[\/vc_raw_html]<\/div><\/div><\/div><div class=\"vc_col-sm-8 wpb_column vc_column_container animate_afb right-content\"><div class=\"vc_column-inner\"><div class=\"wpb_wrapper\"><div class=\"g-cols wpb_row type_default valign_top vc_inner company-row \" id=\"firmast\"><div class=\"vc_col-sm-12 wpb_column vc_column_container\"><div class=\"vc_column-inner\"><div class=\"wpb_wrapper\">\n\t<div class=\"wpb_text_column \">\n\t\t<div class=\"wpb_wrapper\">\n\t\t\t<h1>Meist\u00e4<\/h1>\n<h4><strong>O\u00dc Pigipada perustettiin vuonna 2010 yksityisomisteisena tuotantoyrityksen\u00e4. Yritys sijaitsee Paide-kunnassa, Sillaotsa-kyl\u00e4ss\u00e4 ja valmistaa p\u00e4\u00e4asiassa bitumiemulsioita.<\/strong><\/h4>\n<p><strong>Vuonna 2010 Pigipada teki yhteisty\u00f6t\u00e4 tanskalaisen ENH Engineering A\/S:n kanssa luodakseen bitumiemulsiotehtaan, ja vuoden loppuun menness\u00e4 yritys valmisti ensimm\u00e4iset 400 tonniaan bitumiemulsioita. Nyky\u00e4\u00e4n yritys valmistaa l\u00e4hes 30 000 tonnia vuosittain Tuotteitamme k\u00e4ytet\u00e4\u00e4n Pohjois-Suomesta aina Latviaan saakka, mutta 2 000 km toiminta-alueesta huolimatta p\u00e4\u00e4asiallinen markkinamme on edelleen Viro. Paiden tehtaan lis\u00e4ksi tuotamme bitumiemulsioita Etel\u00e4-Viron tehtaalla Tsirguliinassa, jossa tuotetaan p\u00e4\u00e4osassa Etel\u00e4-Viroon ja Latvian markkinoille viet\u00e4v\u00e4t tuotteet. Vuodesta 2021 alkaen meill\u00e4 on Latviassa Riian vieress\u00e4 my\u00f6s SIA Pigipadan tehdas, joka valmistaa my\u00f6s bitumiemulsioita ja lis\u00e4ksi polymeerimodifioituja bitumeja.<\/strong><br \/>\n<strong> Ty\u00f6ntekij\u00e4mme ovat asiantuntijoita alallaan ja tukevat yrityksen kehittymist\u00e4. T\u00e4m\u00e4 on kaikille osapuolille hy\u00f6dyllinen suhde, sill\u00e4 Pigipada edist\u00e4\u00e4 my\u00f6s ty\u00f6ntekij\u00f6idemme kehityst\u00e4.<\/strong><br \/>\n<strong> Yrityksell\u00e4 on oma laboratorio tuotteiden laadunvalvontaa ja tuotekehittely\u00e4 varten. Laboratoriossa on my\u00f6s pilottitehdas, pieni emulsiotehdas, jota k\u00e4ytet\u00e4\u00e4n tuotekehittelyyn. T\u00e4m\u00e4 tarkoittaa sit\u00e4, ett\u00e4 yritys pystyy testaamaan monia tuotteita ja laadunvalvontaratkaisuja ennen itse tuotannon aloittamista. Luomme my\u00f6s uusia tuotteita asiakkaidemme tarpeiden ja pyynt\u00f6jen perusteella. Lis\u00e4ksi k\u00e4yt\u00e4mme hiukkaskokoja ja suunnittelemme emulsiomme hiukkasten koon tuotteen vaatimusten perusteella. T\u00e4h\u00e4n tarkoitukseen k\u00e4ytet\u00e4\u00e4n Mastersizer 3000E -laitetta.<\/strong><br \/>\n<strong> Jos et l\u00f6yd\u00e4 tarvitsemaasi tuotetta nykyisest\u00e4 valikoimastamme, ota meihin yhteytt\u00e4, niin kehit\u00e4mme sopivan ratkaisun.<\/strong><\/p>\n<h3>Good emulsions create good emotions!<\/h3>\n\n\t\t<\/div>\n\t<\/div>\n<div class=\"w-image\"><div class=\"w-image-h\"><img loading=\"lazy\" decoding=\"async\" width=\"600\" height=\"600\" src=\"https:\/\/pigipada.ee\/wp-content\/uploads\/2018\/04\/Pigipada-logo-v\u00e4ike-600x600.jpg\" class=\"attachment-us_600_600_crop size-us_600_600_crop\" alt=\"\" srcset=\"http:\/\/pigipada.ee\/wp-content\/uploads\/2018\/04\/Pigipada-logo-v\u00e4ike-600x600.jpg 600w, http:\/\/pigipada.ee\/wp-content\/uploads\/2018\/04\/Pigipada-logo-v\u00e4ike-150x150.jpg 150w, http:\/\/pigipada.ee\/wp-content\/uploads\/2018\/04\/Pigipada-logo-v\u00e4ike-300x300.jpg 300w, http:\/\/pigipada.ee\/wp-content\/uploads\/2018\/04\/Pigipada-logo-v\u00e4ike-768x768.jpg 768w, http:\/\/pigipada.ee\/wp-content\/uploads\/2018\/04\/Pigipada-logo-v\u00e4ike-350x350.jpg 350w, http:\/\/pigipada.ee\/wp-content\/uploads\/2018\/04\/Pigipada-logo-v\u00e4ike-100x100.jpg 100w, http:\/\/pigipada.ee\/wp-content\/uploads\/2018\/04\/Pigipada-logo-v\u00e4ike.jpg 997w\" sizes=\"auto, (max-width: 600px) 100vw, 600px\" \/><\/div><\/div><\/div><\/div><\/div><\/div><div class=\"g-cols wpb_row type_default valign_top vc_inner company-row \" id=\"tunnustused\"><div class=\"vc_col-sm-12 wpb_column vc_column_container\"><div class=\"vc_column-inner\"><div class=\"wpb_wrapper\">\n\t<div class=\"wpb_text_column \">\n\t\t<div class=\"wpb_wrapper\">\n\t\t\t\n\t\t<\/div>\n\t<\/div>\n\n\t<div class=\"wpb_text_column \">\n\t\t<div class=\"wpb_wrapper\">\n\t\t\t\n\t\t<\/div>\n\t<\/div>\n<\/div><\/div><\/div><\/div><div class=\"g-cols wpb_row type_default valign_top vc_inner company-row \" id=\"tegevusload\"><div class=\"vc_col-sm-12 wpb_column vc_column_container links\"><div class=\"vc_column-inner\"><div class=\"wpb_wrapper\">\n\t<div class=\"wpb_text_column \">\n\t\t<div class=\"wpb_wrapper\">\n\t\t\t<h3 style=\"text-align: center;\">Tuotesertifikaatit<a href=\"#\"><br \/>\n<\/a><\/h3>\n\n\t\t<\/div>\n\t<\/div>\n<\/div><\/div><\/div><\/div><div class=\"g-cols wpb_row type_default valign_top vc_inner \"><div class=\"vc_col-sm-4 wpb_column vc_column_container\"><div class=\"vc_column-inner\"><div class=\"wpb_wrapper\">\n\t<div class=\"wpb_text_column \">\n\t\t<div class=\"wpb_wrapper\">\n\t\t\t<h4>Paideen tehdas<\/h4>\n<p><a href=\"http:\/\/pigipada.ee\/0036-5-pigipada-mao-be-en\/\">Bitumi-emulsiot.pdf<\/a><\/p>\n\n\t\t<\/div>\n\t<\/div>\n<\/div><\/div><\/div><div class=\"vc_col-sm-4 wpb_column vc_column_container\"><div class=\"vc_column-inner\"><div class=\"wpb_wrapper\">\n\t<div class=\"wpb_text_column \">\n\t\t<div class=\"wpb_wrapper\">\n\t\t\t<h4>Tsirguliinan tehdas<\/h4>\n<p><a href=\"http:\/\/pigipada.ee\/wp-content\/uploads\/2023\/07\/0178-3-pigipada-tsirgu-be-en.pdf\">Bitumi-emulsiot.pdf<\/a><\/p>\n\n\t\t<\/div>\n\t<\/div>\n<\/div><\/div><\/div><div class=\"vc_col-sm-4 wpb_column vc_column_container\"><div class=\"vc_column-inner\"><div class=\"wpb_wrapper\">\n\t<div class=\"wpb_text_column \">\n\t\t<div class=\"wpb_wrapper\">\n\t\t\t<h4>Riian tehdas<\/h4>\n<p><a href=\"http:\/\/pigipada.ee\/wp-content\/uploads\/2023\/07\/0178-3-pigipada-tsirgu-be-en.pdf\">Bitumi-emulsiot.pdf<\/a><\/p>\n<p><a href=\"http:\/\/pigipada.ee\/ru\/0318-2-sia-pigipada-riia-pmb-en\/\">Polymeeriset bitumit.pdf<\/a><\/p>\n\n\t\t<\/div>\n\t<\/div>\n<\/div><\/div><\/div><\/div><\/div><\/div><\/div><\/div><\/div><\/section><section class=\"l-section wpb_row height_medium footer-flower\"><div class=\"l-section-h i-cf\"><div class=\"g-cols vc_row type_default valign_top\"><div class=\"vc_col-sm-12 wpb_column vc_column_container\"><div class=\"vc_column-inner\"><div class=\"wpb_wrapper\"><\/div><\/div><\/div><\/div><\/div><\/section>\n<\/div>","protected":false},"excerpt":{"rendered":"Yrityksest\u00e4 [vc_raw_html]JTNDYSUyMGhyZWYlM0QlMjIlMjNmaXJtYXN0JTIyJTIwcmVsJTNEJTI3bWVpc3QlMjclM0VZcml0eWtzZXN0JUMzJUE0JTNDJTJGYSUzRSUwQSUzQ2ElMjBocmVmJTNEJTIyJTIzdHVubnVzdHVzZWQlMjIlMjByZWwlM0QlMjdtZWlzdCUyNyUzRVR1b3Rlc2VydGlmaWthYXRpdCUzQyUyRmElM0U=[\/vc_raw_html] Meist\u00e4 O\u00dc Pigipada perustettiin vuonna 2010 yksityisomisteisena tuotantoyrityksen\u00e4. Yritys sijaitsee Paide-kunnassa, Sillaotsa-kyl\u00e4ss\u00e4 ja valmistaa p\u00e4\u00e4asiassa bitumiemulsioita. Vuonna 2010 Pigipada teki yhteisty\u00f6t\u00e4 tanskalaisen ENH Engineering A\/S:n kanssa luodakseen bitumiemulsiotehtaan, ja vuoden loppuun menness\u00e4 yritys valmisti ensimm\u00e4iset 400 tonniaan bitumiemulsioita. Nyky\u00e4\u00e4n yritys valmistaa l\u00e4hes 30 000 tonnia vuosittain Tuotteitamme k\u00e4ytet\u00e4\u00e4n Pohjois-Suomesta aina Latviaan saakka, mutta...","protected":false},"author":1,"featured_media":0,"parent":0,"menu_order":0,"comment_status":"closed","ping_status":"closed","template":"","meta":{"_acf_changed":false,"footnotes":""},"class_list":["post-727","page","type-page","status-publish","hentry"],"acf":[],"yoast_head":"<!-- This site is optimized with the Yoast SEO plugin v26.8 - https:\/\/yoast.com\/product\/yoast-seo-wordpress\/ -->\n<title>Yrityksest\u00e4 - Pigipada<\/title>\n<meta name=\"robots\" content=\"index, follow, max-snippet:-1, max-image-preview:large, max-video-preview:-1\" \/>\n<link rel=\"canonical\" href=\"http:\/\/pigipada.ee\/fi\/yrityksesta\/\" \/>\n<meta property=\"og:locale\" content=\"fi_FI\" \/>\n<meta property=\"og:type\" content=\"article\" \/>\n<meta property=\"og:title\" content=\"Yrityksest\u00e4 - Pigipada\" \/>\n<meta property=\"og:url\" content=\"http:\/\/pigipada.ee\/fi\/yrityksesta\/\" \/>\n<meta property=\"og:site_name\" content=\"Pigipada\" \/>\n<meta property=\"article:modified_time\" content=\"2024-12-05T12:30:56+00:00\" \/>\n<meta name=\"twitter:card\" content=\"summary_large_image\" \/>\n<meta name=\"twitter:label1\" content=\"Arvioitu lukuaika\" \/>\n\t<meta name=\"twitter:data1\" content=\"2 minuuttia\" \/>\n<script type=\"application\/ld+json\" class=\"yoast-schema-graph\">{\"@context\":\"https:\/\/schema.org\",\"@graph\":[{\"@type\":\"WebPage\",\"@id\":\"http:\/\/pigipada.ee\/fi\/yrityksesta\/\",\"url\":\"http:\/\/pigipada.ee\/fi\/yrityksesta\/\",\"name\":\"Yrityksest\u00e4 - Pigipada\",\"isPartOf\":{\"@id\":\"http:\/\/www.pigipada.ee\/ru\/#website\"},\"datePublished\":\"2018-02-19T10:15:38+00:00\",\"dateModified\":\"2024-12-05T12:30:56+00:00\",\"breadcrumb\":{\"@id\":\"http:\/\/pigipada.ee\/fi\/yrityksesta\/#breadcrumb\"},\"inLanguage\":\"fi\",\"potentialAction\":[{\"@type\":\"ReadAction\",\"target\":[\"http:\/\/pigipada.ee\/fi\/yrityksesta\/\"]}]},{\"@type\":\"BreadcrumbList\",\"@id\":\"http:\/\/pigipada.ee\/fi\/yrityksesta\/#breadcrumb\",\"itemListElement\":[{\"@type\":\"ListItem\",\"position\":1,\"name\":\"Home\",\"item\":\"http:\/\/www.pigipada.ee\/fi\/\"},{\"@type\":\"ListItem\",\"position\":2,\"name\":\"Yrityksest\u00e4\"}]},{\"@type\":\"WebSite\",\"@id\":\"http:\/\/www.pigipada.ee\/ru\/#website\",\"url\":\"http:\/\/www.pigipada.ee\/ru\/\",\"name\":\"Pigipada\",\"description\":\"Head emulsioonid tekitavad h\u00e4id emotsioone\",\"potentialAction\":[{\"@type\":\"SearchAction\",\"target\":{\"@type\":\"EntryPoint\",\"urlTemplate\":\"http:\/\/www.pigipada.ee\/ru\/?s={search_term_string}\"},\"query-input\":{\"@type\":\"PropertyValueSpecification\",\"valueRequired\":true,\"valueName\":\"search_term_string\"}}],\"inLanguage\":\"fi\"}]}<\/script>\n<!-- \/ Yoast SEO plugin. -->","yoast_head_json":{"title":"Yrityksest\u00e4 - Pigipada","robots":{"index":"index","follow":"follow","max-snippet":"max-snippet:-1","max-image-preview":"max-image-preview:large","max-video-preview":"max-video-preview:-1"},"canonical":"http:\/\/pigipada.ee\/fi\/yrityksesta\/","og_locale":"fi_FI","og_type":"article","og_title":"Yrityksest\u00e4 - Pigipada","og_url":"http:\/\/pigipada.ee\/fi\/yrityksesta\/","og_site_name":"Pigipada","article_modified_time":"2024-12-05T12:30:56+00:00","twitter_card":"summary_large_image","twitter_misc":{"Arvioitu lukuaika":"2 minuuttia"},"schema":{"@context":"https:\/\/schema.org","@graph":[{"@type":"WebPage","@id":"http:\/\/pigipada.ee\/fi\/yrityksesta\/","url":"http:\/\/pigipada.ee\/fi\/yrityksesta\/","name":"Yrityksest\u00e4 - Pigipada","isPartOf":{"@id":"http:\/\/www.pigipada.ee\/ru\/#website"},"datePublished":"2018-02-19T10:15:38+00:00","dateModified":"2024-12-05T12:30:56+00:00","breadcrumb":{"@id":"http:\/\/pigipada.ee\/fi\/yrityksesta\/#breadcrumb"},"inLanguage":"fi","potentialAction":[{"@type":"ReadAction","target":["http:\/\/pigipada.ee\/fi\/yrityksesta\/"]}]},{"@type":"BreadcrumbList","@id":"http:\/\/pigipada.ee\/fi\/yrityksesta\/#breadcrumb","itemListElement":[{"@type":"ListItem","position":1,"name":"Home","item":"http:\/\/www.pigipada.ee\/fi\/"},{"@type":"ListItem","position":2,"name":"Yrityksest\u00e4"}]},{"@type":"WebSite","@id":"http:\/\/www.pigipada.ee\/ru\/#website","url":"http:\/\/www.pigipada.ee\/ru\/","name":"Pigipada","description":"Head emulsioonid tekitavad h\u00e4id emotsioone","potentialAction":[{"@type":"SearchAction","target":{"@type":"EntryPoint","urlTemplate":"http:\/\/www.pigipada.ee\/ru\/?s={search_term_string}"},"query-input":{"@type":"PropertyValueSpecification","valueRequired":true,"valueName":"search_term_string"}}],"inLanguage":"fi"}]}},"_links":{"self":[{"href":"https:\/\/www.pigipada.ee\/fi\/wp-json\/wp\/v2\/pages\/727","targetHints":{"allow":["GET"]}}],"collection":[{"href":"https:\/\/www.pigipada.ee\/fi\/wp-json\/wp\/v2\/pages"}],"about":[{"href":"https:\/\/www.pigipada.ee\/fi\/wp-json\/wp\/v2\/types\/page"}],"author":[{"embeddable":true,"href":"https:\/\/www.pigipada.ee\/fi\/wp-json\/wp\/v2\/users\/1"}],"replies":[{"embeddable":true,"href":"https:\/\/www.pigipada.ee\/fi\/wp-json\/wp\/v2\/comments?post=727"}],"version-history":[{"count":5,"href":"https:\/\/www.pigipada.ee\/fi\/wp-json\/wp\/v2\/pages\/727\/revisions"}],"predecessor-version":[{"id":1601,"href":"https:\/\/www.pigipada.ee\/fi\/wp-json\/wp\/v2\/pages\/727\/revisions\/1601"}],"wp:attachment":[{"href":"https:\/\/www.pigipada.ee\/fi\/wp-json\/wp\/v2\/media?parent=727"}],"curies":[{"name":"wp","href":"https:\/\/api.w.org\/{rel}","templated":true}]}}